{"id":858,"date":"2023-12-13T17:38:52","date_gmt":"2023-12-13T23:38:52","guid":{"rendered":"https:\/\/pietrabenelli.com\/?post_type=product&#038;p=858"},"modified":"2024-02-06T19:49:54","modified_gmt":"2024-02-07T01:49:54","slug":"cement-grey","status":"publish","type":"product","link":"https:\/\/pietrabenelli.com\/it\/producto\/cement-grey\/","title":{"rendered":"GRIGIO CEMENTATO"},"content":{"rendered":"","protected":false},"excerpt":{"rendered":"<p>M\u00e1s oscuro que el blanco y m\u00e1s claro que el negro. No es m\u00e1s puro que el blanco y el negro, pero tampoco es como un solo blanco y negro. Tambi\u00e9n puede dar a las personas una sensaci\u00f3n de madurez y tranquilidad, una sensaci\u00f3n de la belleza m\u00e1s esencial de lo simple y sin pretensiones.<\/p>\n","protected":false},"featured_media":859,"comment_status":"open","ping_status":"closed","template":"","meta":{"_et_pb_use_builder":"","_et_pb_old_content":"","_et_gb_content_width":""},"product_cat":[23],"product_tag":[],"class_list":{"0":"post-858","1":"product","2":"type-product","3":"status-publish","4":"has-post-thumbnail","6":"product_cat-sin-categorizar","8":"first","9":"instock","10":"shipping-taxable","11":"purchasable","12":"product-type-simple"},"_links":{"self":[{"href":"https:\/\/pietrabenelli.com\/it\/wp-json\/wp\/v2\/product\/858","targetHints":{"allow":["GET"]}}],"collection":[{"href":"https:\/\/pietrabenelli.com\/it\/wp-json\/wp\/v2\/product"}],"about":[{"href":"https:\/\/pietrabenelli.com\/it\/wp-json\/wp\/v2\/types\/product"}],"replies":[{"embeddable":true,"href":"https:\/\/pietrabenelli.com\/it\/wp-json\/wp\/v2\/comments?post=858"}],"wp:featuredmedia":[{"embeddable":true,"href":"https:\/\/pietrabenelli.com\/it\/wp-json\/wp\/v2\/media\/859"}],"wp:attachment":[{"href":"https:\/\/pietrabenelli.com\/it\/wp-json\/wp\/v2\/media?parent=858"}],"wp:term":[{"taxonomy":"product_cat","embeddable":true,"href":"https:\/\/pietrabenelli.com\/it\/wp-json\/wp\/v2\/product_cat?post=858"},{"taxonomy":"product_tag","embeddable":true,"href":"https:\/\/pietrabenelli.com\/it\/wp-json\/wp\/v2\/product_tag?post=858"}],"curies":[{"name":"wp","href":"https:\/\/api.w.org\/{rel}","templated":true}]}}